{"id":2239,"date":"2025-02-13T01:03:29","date_gmt":"2025-02-13T01:03:29","guid":{"rendered":"https:\/\/think-catalyst.com\/penny-grow-services\/"},"modified":"2025-05-12T16:43:13","modified_gmt":"2025-05-12T16:43:13","slug":"services","status":"publish","type":"page","link":"https:\/\/think-catalyst.com\/es\/services\/","title":{"rendered":"SERVICIOS"},"content":{"rendered":"<div data-elementor-type=\"wp-page\" data-elementor-id=\"2239\" class=\"elementor elementor-2239\">\n\t\t\t\t\t\t<section class=\"elementor-section elementor-top-section elementor-element elementor-element-a70d23e elementor-reverse-tablet elementor-reverse-mobile elementor-section-boxed elementor-section-height-default elementor-section-height-default\" data-id=\"a70d23e\" data-element_type=\"section\" data-e-type=\"section\" data-settings=\"{&quot;background_background&quot;:&quot;gradient&quot;}\">\n\t\t\t\t\t\t\t<div class=\"elementor-background-overlay\"><\/div>\n\t\t\t\t\t\t\t<div class=\"elementor-container elementor-column-gap-no\">\n\t\t\t\t\t<div class=\"elementor-column elementor-col-100 elementor-top-column elementor-element elementor-element-6bb4d07\" data-id=\"6bb4d07\" data-element_type=\"column\" data-e-type=\"column\">\n\t\t\t<div class=\"elementor-widget-wrap elementor-element-populated\">\n\t\t\t\t\t\t<div class=\"elementor-element elementor-element-074b1ba elementor-widget elementor-widget-heading\" data-id=\"074b1ba\" data-element_type=\"widget\" data-e-type=\"widget\" data-widget_type=\"heading.default\">\n\t\t\t\t<div class=\"elementor-widget-container\">\n\t\t\t\t\t<h2 class=\"elementor-heading-title elementor-size-default\">SERVICIOS<\/h2>\t\t\t\t<\/div>\n\t\t\t\t<\/div>\n\t\t\t\t<div class=\"elementor-element elementor-element-c06a7ec elementor-widget elementor-widget-heading\" data-id=\"c06a7ec\" data-element_type=\"widget\" data-e-type=\"widget\" data-widget_type=\"heading.default\">\n\t\t\t\t<div class=\"elementor-widget-container\">\n\t\t\t\t\t<p class=\"elementor-heading-title elementor-size-default\">Apoyamos a anunciantes y agencias de distintas maneras para impulsar mejores resultados de negocios\n\n<br>B\u00fasqueda de agencia\n\n<br>Adquisici\u00f3n de talento para agencias\n\n<br>Gesti\u00f3n de relaciones\n\n<br>Aceleraci\u00f3n de Nuevos\nNegocios<\/p>\t\t\t\t<\/div>\n\t\t\t\t<\/div>\n\t\t\t\t<div class=\"elementor-element elementor-element-31c5ccb elementor-tablet-align-center elementor-align-center elementor-hidden-desktop elementor-hidden-tablet elementor-hidden-mobile elementor-widget elementor-widget-button\" data-id=\"31c5ccb\" data-element_type=\"widget\" data-e-type=\"widget\" data-widget_type=\"button.default\">\n\t\t\t\t<div class=\"elementor-widget-container\">\n\t\t\t\t\t\t\t\t\t<div class=\"elementor-button-wrapper\">\n\t\t\t\t\t<a class=\"elementor-button elementor-button-link elementor-size-md elementor-animation-shrink\" href=\"#\">\n\t\t\t\t\t\t<span class=\"elementor-button-content-wrapper\">\n\t\t\t\t\t\t\t\t\t<span class=\"elementor-button-text\">back to home<\/span>\n\t\t\t\t\t<\/span>\n\t\t\t\t\t<\/a>\n\t\t\t\t<\/div>\n\t\t\t\t\t\t\t\t<\/div>\n\t\t\t\t<\/div>\n\t\t\t\t\t<\/div>\n\t\t<\/div>\n\t\t\t\t\t<\/div>\n\t\t<\/section>\n\t\t\t\t<section class=\"elementor-section elementor-top-section elementor-element elementor-element-ec0c83b elementor-section-content-middle elementor-section-boxed elementor-section-height-default elementor-section-height-default\" data-id=\"ec0c83b\" data-element_type=\"section\" data-e-type=\"section\">\n\t\t\t\t\t\t<div class=\"elementor-container elementor-column-gap-no\">\n\t\t\t\t\t<div class=\"elementor-column elementor-col-50 elementor-top-column elementor-element elementor-element-6cc95a5\" data-id=\"6cc95a5\" data-element_type=\"column\" data-e-type=\"column\">\n\t\t\t<div class=\"elementor-widget-wrap elementor-element-populated\">\n\t\t\t\t\t\t<div class=\"elementor-element elementor-element-e2ffc96 animated-slow elementor-invisible elementor-widget elementor-widget-image\" data-id=\"e2ffc96\" data-element_type=\"widget\" data-e-type=\"widget\" data-settings=\"{&quot;_animation&quot;:&quot;fadeInUp&quot;}\" data-widget_type=\"image.default\">\n\t\t\t\t<div class=\"elementor-widget-container\">\n\t\t\t\t\t\t\t\t\t\t\t\t\t\t\t<img fetchpriority=\"high\" decoding=\"async\" width=\"2560\" height=\"1707\" src=\"https:\/\/think-catalyst.com\/wp-content\/uploads\/2025\/03\/business-people-brainstorming-ideas-using-chart-scaled.jpg\" class=\"attachment-full size-full wp-image-2770\" alt=\"\" srcset=\"https:\/\/think-catalyst.com\/wp-content\/uploads\/2025\/03\/business-people-brainstorming-ideas-using-chart-scaled.jpg 2560w, https:\/\/think-catalyst.com\/wp-content\/uploads\/2025\/03\/business-people-brainstorming-ideas-using-chart-300x200.jpg 300w, https:\/\/think-catalyst.com\/wp-content\/uploads\/2025\/03\/business-people-brainstorming-ideas-using-chart-1024x683.jpg 1024w, https:\/\/think-catalyst.com\/wp-content\/uploads\/2025\/03\/business-people-brainstorming-ideas-using-chart-768x512.jpg 768w, https:\/\/think-catalyst.com\/wp-content\/uploads\/2025\/03\/business-people-brainstorming-ideas-using-chart-1536x1024.jpg 1536w, https:\/\/think-catalyst.com\/wp-content\/uploads\/2025\/03\/business-people-brainstorming-ideas-using-chart-2048x1365.jpg 2048w, https:\/\/think-catalyst.com\/wp-content\/uploads\/2025\/03\/business-people-brainstorming-ideas-using-chart-18x12.jpg 18w\" sizes=\"(max-width: 2560px) 100vw, 2560px\" \/>\t\t\t\t\t\t\t\t\t\t\t\t\t\t\t<\/div>\n\t\t\t\t<\/div>\n\t\t\t\t\t<\/div>\n\t\t<\/div>\n\t\t\t\t<div class=\"elementor-column elementor-col-50 elementor-top-column elementor-element elementor-element-411cb0b\" data-id=\"411cb0b\" data-element_type=\"column\" data-e-type=\"column\">\n\t\t\t<div class=\"elementor-widget-wrap elementor-element-populated\">\n\t\t\t\t\t\t<div class=\"elementor-element elementor-element-eda813e elementor-widget elementor-widget-heading\" data-id=\"eda813e\" data-element_type=\"widget\" data-e-type=\"widget\" data-widget_type=\"heading.default\">\n\t\t\t\t<div class=\"elementor-widget-container\">\n\t\t\t\t\t<h2 class=\"elementor-heading-title elementor-size-default\">B\u00fasqueda de agencia<\/h2>\t\t\t\t<\/div>\n\t\t\t\t<\/div>\n\t\t\t\t<div class=\"elementor-element elementor-element-a2d1ec2 elementor-widget elementor-widget-heading\" data-id=\"a2d1ec2\" data-element_type=\"widget\" data-e-type=\"widget\" data-widget_type=\"heading.default\">\n\t\t\t\t<div class=\"elementor-widget-container\">\n\t\t\t\t\t<p class=\"elementor-heading-title elementor-size-default\">AdMatch es el proceso de b\u00fasqueda\nde agencias patentado de\nThink-Catalyst. <br> <br>\n\nAdMatch sirve para conectar al\nanunciante ADECUADO con la\nagencia ADECUADA a un nivel de\ncompensaci\u00f3n JUSTO. <br> <br>\n\nRegistre su agencia en la base de\ndatos de AdMatch para ser elegible\npara futuras b\u00fasquedas de agencias.\nHaga clic aqu\u00ed para obtener m\u00e1s\ninformaci\u00f3n o visite nuestro portal de\nregistro de AdMatch. <br> <br>\n\n\u00bfBusca agencia? Cont\u00e1ctanos para obtener mayor informaci\u00f3n sobre nuestros\nprogramas de b\u00fasqueda de agencias tradicionales y gesti\u00f3n \u00f3ptima de agencias.<\/p>\t\t\t\t<\/div>\n\t\t\t\t<\/div>\n\t\t\t\t<div class=\"elementor-element elementor-element-af32bbc elementor-widget elementor-widget-button\" data-id=\"af32bbc\" data-element_type=\"widget\" data-e-type=\"widget\" data-widget_type=\"button.default\">\n\t\t\t\t<div class=\"elementor-widget-container\">\n\t\t\t\t\t\t\t\t\t<div class=\"elementor-button-wrapper\">\n\t\t\t\t\t<a class=\"elementor-button elementor-button-link elementor-size-md elementor-animation-shrink\" href=\"https:\/\/think-catalyst.com\/es\/contact\/\">\n\t\t\t\t\t\t<span class=\"elementor-button-content-wrapper\">\n\t\t\t\t\t\t\t\t\t<span class=\"elementor-button-text\">CONTACTANOS<\/span>\n\t\t\t\t\t<\/span>\n\t\t\t\t\t<\/a>\n\t\t\t\t<\/div>\n\t\t\t\t\t\t\t\t<\/div>\n\t\t\t\t<\/div>\n\t\t\t\t\t<\/div>\n\t\t<\/div>\n\t\t\t\t\t<\/div>\n\t\t<\/section>\n\t\t\t\t<section class=\"elementor-section elementor-top-section elementor-element elementor-element-453eee8 elementor-reverse-mobile elementor-section-content-middle elementor-section-boxed elementor-section-height-default elementor-section-height-default\" data-id=\"453eee8\" data-element_type=\"section\" data-e-type=\"section\">\n\t\t\t\t\t\t<div class=\"elementor-container elementor-column-gap-no\">\n\t\t\t\t\t<div class=\"elementor-column elementor-col-50 elementor-top-column elementor-element elementor-element-f77fd8b\" data-id=\"f77fd8b\" data-element_type=\"column\" data-e-type=\"column\">\n\t\t\t<div class=\"elementor-widget-wrap elementor-element-populated\">\n\t\t\t\t\t\t<div class=\"elementor-element elementor-element-00b9342 elementor-widget elementor-widget-heading\" data-id=\"00b9342\" data-element_type=\"widget\" data-e-type=\"widget\" data-widget_type=\"heading.default\">\n\t\t\t\t<div class=\"elementor-widget-container\">\n\t\t\t\t\t<h2 class=\"elementor-heading-title elementor-size-default\">Adquisici\u00f3n de talento para agencias<\/h2>\t\t\t\t<\/div>\n\t\t\t\t<\/div>\n\t\t\t\t<div class=\"elementor-element elementor-element-7d05cd5 elementor-widget elementor-widget-heading\" data-id=\"7d05cd5\" data-element_type=\"widget\" data-e-type=\"widget\" data-widget_type=\"heading.default\">\n\t\t\t\t<div class=\"elementor-widget-container\">\n\t\t\t\t\t<p class=\"elementor-heading-title elementor-size-default\">TalentMatch es el proceso de\nb\u00fasqueda de talentos s\u00e9nior para\nagencias patentado por\nThink-Catalyst. <br> <br>\n\nNuestro proceso TalentMatch sirve\npara definir CORRECTAMENTE los\nrequisitos del puesto e identificar a\nlos candidatos ADECUADOS, para\naumentar la probabilidad de una\nsoluci\u00f3n EXITOSA a largo plazo. <br> <br>\n\n<\/p>\t\t\t\t<\/div>\n\t\t\t\t<\/div>\n\t\t\t\t<div class=\"elementor-element elementor-element-14d4715 elementor-widget elementor-widget-button\" data-id=\"14d4715\" data-element_type=\"widget\" data-e-type=\"widget\" data-widget_type=\"button.default\">\n\t\t\t\t<div class=\"elementor-widget-container\">\n\t\t\t\t\t\t\t\t\t<div class=\"elementor-button-wrapper\">\n\t\t\t\t\t<a class=\"elementor-button elementor-button-link elementor-size-md elementor-animation-shrink\" href=\"https:\/\/think-catalyst.com\/es\/contact\/\">\n\t\t\t\t\t\t<span class=\"elementor-button-content-wrapper\">\n\t\t\t\t\t\t\t\t\t<span class=\"elementor-button-text\">Contactanos<\/span>\n\t\t\t\t\t<\/span>\n\t\t\t\t\t<\/a>\n\t\t\t\t<\/div>\n\t\t\t\t\t\t\t\t<\/div>\n\t\t\t\t<\/div>\n\t\t\t\t\t<\/div>\n\t\t<\/div>\n\t\t\t\t<div class=\"elementor-column elementor-col-50 elementor-top-column elementor-element elementor-element-d1c212a\" data-id=\"d1c212a\" data-element_type=\"column\" data-e-type=\"column\">\n\t\t\t<div class=\"elementor-widget-wrap elementor-element-populated\">\n\t\t\t\t\t\t<div class=\"elementor-element elementor-element-e7f55d4 animated-slow elementor-invisible elementor-widget elementor-widget-image\" data-id=\"e7f55d4\" data-element_type=\"widget\" data-e-type=\"widget\" data-settings=\"{&quot;_animation&quot;:&quot;fadeInUp&quot;}\" data-widget_type=\"image.default\">\n\t\t\t\t<div class=\"elementor-widget-container\">\n\t\t\t\t\t\t\t\t\t\t\t\t\t\t\t<img decoding=\"async\" width=\"2560\" height=\"1709\" src=\"https:\/\/think-catalyst.com\/wp-content\/uploads\/2025\/03\/business-people-talking-discussing-with-financial-document-data-charts-graphs-team-business-meeting-with-smart-phone-laptop-digital-tablet-computer-scaled.jpg\" class=\"attachment-full size-full wp-image-2772\" alt=\"\" srcset=\"https:\/\/think-catalyst.com\/wp-content\/uploads\/2025\/03\/business-people-talking-discussing-with-financial-document-data-charts-graphs-team-business-meeting-with-smart-phone-laptop-digital-tablet-computer-scaled.jpg 2560w, https:\/\/think-catalyst.com\/wp-content\/uploads\/2025\/03\/business-people-talking-discussing-with-financial-document-data-charts-graphs-team-business-meeting-with-smart-phone-laptop-digital-tablet-computer-300x200.jpg 300w, https:\/\/think-catalyst.com\/wp-content\/uploads\/2025\/03\/business-people-talking-discussing-with-financial-document-data-charts-graphs-team-business-meeting-with-smart-phone-laptop-digital-tablet-computer-1024x684.jpg 1024w, https:\/\/think-catalyst.com\/wp-content\/uploads\/2025\/03\/business-people-talking-discussing-with-financial-document-data-charts-graphs-team-business-meeting-with-smart-phone-laptop-digital-tablet-computer-768x513.jpg 768w, https:\/\/think-catalyst.com\/wp-content\/uploads\/2025\/03\/business-people-talking-discussing-with-financial-document-data-charts-graphs-team-business-meeting-with-smart-phone-laptop-digital-tablet-computer-1536x1025.jpg 1536w, https:\/\/think-catalyst.com\/wp-content\/uploads\/2025\/03\/business-people-talking-discussing-with-financial-document-data-charts-graphs-team-business-meeting-with-smart-phone-laptop-digital-tablet-computer-2048x1367.jpg 2048w, https:\/\/think-catalyst.com\/wp-content\/uploads\/2025\/03\/business-people-talking-discussing-with-financial-document-data-charts-graphs-team-business-meeting-with-smart-phone-laptop-digital-tablet-computer-18x12.jpg 18w\" sizes=\"(max-width: 2560px) 100vw, 2560px\" \/>\t\t\t\t\t\t\t\t\t\t\t\t\t\t\t<\/div>\n\t\t\t\t<\/div>\n\t\t\t\t\t<\/div>\n\t\t<\/div>\n\t\t\t\t\t<\/div>\n\t\t<\/section>\n\t\t\t\t<section class=\"elementor-section elementor-top-section elementor-element elementor-element-aa1c2f6 elementor-section-content-middle elementor-section-boxed elementor-section-height-default elementor-section-height-default\" data-id=\"aa1c2f6\" data-element_type=\"section\" data-e-type=\"section\">\n\t\t\t\t\t\t<div class=\"elementor-container elementor-column-gap-no\">\n\t\t\t\t\t<div class=\"elementor-column elementor-col-50 elementor-top-column elementor-element elementor-element-4096fd5\" data-id=\"4096fd5\" data-element_type=\"column\" data-e-type=\"column\">\n\t\t\t<div class=\"elementor-widget-wrap elementor-element-populated\">\n\t\t\t\t\t\t<div class=\"elementor-element elementor-element-7109582 animated-slow elementor-invisible elementor-widget elementor-widget-image\" data-id=\"7109582\" data-element_type=\"widget\" data-e-type=\"widget\" data-settings=\"{&quot;_animation&quot;:&quot;fadeInUp&quot;}\" data-widget_type=\"image.default\">\n\t\t\t\t<div class=\"elementor-widget-container\">\n\t\t\t\t\t\t\t\t\t\t\t\t\t\t\t<img decoding=\"async\" width=\"800\" height=\"530\" src=\"https:\/\/think-catalyst.com\/wp-content\/uploads\/2024\/03\/toa-heftiba-_UIVmIBB3JU-unsplash-1.jpg\" class=\"attachment-full size-full wp-image-2210\" alt=\"\" srcset=\"https:\/\/think-catalyst.com\/wp-content\/uploads\/2024\/03\/toa-heftiba-_UIVmIBB3JU-unsplash-1.jpg 800w, https:\/\/think-catalyst.com\/wp-content\/uploads\/2024\/03\/toa-heftiba-_UIVmIBB3JU-unsplash-1-300x199.jpg 300w, https:\/\/think-catalyst.com\/wp-content\/uploads\/2024\/03\/toa-heftiba-_UIVmIBB3JU-unsplash-1-768x509.jpg 768w\" sizes=\"(max-width: 800px) 100vw, 800px\" \/>\t\t\t\t\t\t\t\t\t\t\t\t\t\t\t<\/div>\n\t\t\t\t<\/div>\n\t\t\t\t\t<\/div>\n\t\t<\/div>\n\t\t\t\t<div class=\"elementor-column elementor-col-50 elementor-top-column elementor-element elementor-element-6d9f459\" data-id=\"6d9f459\" data-element_type=\"column\" data-e-type=\"column\">\n\t\t\t<div class=\"elementor-widget-wrap elementor-element-populated\">\n\t\t\t\t\t\t<div class=\"elementor-element elementor-element-b879570 elementor-widget elementor-widget-heading\" data-id=\"b879570\" data-element_type=\"widget\" data-e-type=\"widget\" data-widget_type=\"heading.default\">\n\t\t\t\t<div class=\"elementor-widget-container\">\n\t\t\t\t\t<h2 class=\"elementor-heading-title elementor-size-default\">Gesti\u00f3n de relaciones<\/h2>\t\t\t\t<\/div>\n\t\t\t\t<\/div>\n\t\t\t\t<div class=\"elementor-element elementor-element-95ff985 elementor-widget elementor-widget-heading\" data-id=\"95ff985\" data-element_type=\"widget\" data-e-type=\"widget\" data-widget_type=\"heading.default\">\n\t\t\t\t<div class=\"elementor-widget-container\">\n\t\t\t\t\t<p class=\"elementor-heading-title elementor-size-default\">Nuestros programas de Rules of\nEngagement y Rescate de\nRelaciones est\u00e1n dedicados a\nmejorar la relaci\u00f3n entre el\nanunciante y la agencia y lograr un\nmejor desempe\u00f1o, y en \u00faltima\ninstancia para impactar y mejorar los\nresultados de su negocio. <br> <br>\n\n\u00bfEst\u00e1 buscando la forma de trabajar\nmejor y de manera m\u00e1s efectiva con\nsu cliente o agencia? Haga clic aqu\u00ed\npara obtener m\u00e1s informaci\u00f3n y para\ncontactarnos.<\/p>\t\t\t\t<\/div>\n\t\t\t\t<\/div>\n\t\t\t\t<div class=\"elementor-element elementor-element-7990ac8 elementor-widget elementor-widget-button\" data-id=\"7990ac8\" data-element_type=\"widget\" data-e-type=\"widget\" data-widget_type=\"button.default\">\n\t\t\t\t<div class=\"elementor-widget-container\">\n\t\t\t\t\t\t\t\t\t<div class=\"elementor-button-wrapper\">\n\t\t\t\t\t<a class=\"elementor-button elementor-button-link elementor-size-md elementor-animation-shrink\" href=\"https:\/\/think-catalyst.com\/es\/contact\/\">\n\t\t\t\t\t\t<span class=\"elementor-button-content-wrapper\">\n\t\t\t\t\t\t\t\t\t<span class=\"elementor-button-text\">Contactanos<\/span>\n\t\t\t\t\t<\/span>\n\t\t\t\t\t<\/a>\n\t\t\t\t<\/div>\n\t\t\t\t\t\t\t\t<\/div>\n\t\t\t\t<\/div>\n\t\t\t\t\t<\/div>\n\t\t<\/div>\n\t\t\t\t\t<\/div>\n\t\t<\/section>\n\t\t\t\t<section class=\"elementor-section elementor-top-section elementor-element elementor-element-283f75a elementor-reverse-mobile elementor-section-content-middle elementor-section-boxed elementor-section-height-default elementor-section-height-default\" data-id=\"283f75a\" data-element_type=\"section\" data-e-type=\"section\">\n\t\t\t\t\t\t<div class=\"elementor-container elementor-column-gap-no\">\n\t\t\t\t\t<div class=\"elementor-column elementor-col-50 elementor-top-column elementor-element elementor-element-0cc4506\" data-id=\"0cc4506\" data-element_type=\"column\" data-e-type=\"column\">\n\t\t\t<div class=\"elementor-widget-wrap elementor-element-populated\">\n\t\t\t\t\t\t<div class=\"elementor-element elementor-element-bafa901 elementor-widget elementor-widget-heading\" data-id=\"bafa901\" data-element_type=\"widget\" data-e-type=\"widget\" data-widget_type=\"heading.default\">\n\t\t\t\t<div class=\"elementor-widget-container\">\n\t\t\t\t\t<h2 class=\"elementor-heading-title elementor-size-default\">Aceleraci\u00f3n de Nuevos\nNegocios<\/h2>\t\t\t\t<\/div>\n\t\t\t\t<\/div>\n\t\t\t\t<div class=\"elementor-element elementor-element-e6b02a0 elementor-widget elementor-widget-heading\" data-id=\"e6b02a0\" data-element_type=\"widget\" data-e-type=\"widget\" data-widget_type=\"heading.default\">\n\t\t\t\t<div class=\"elementor-widget-container\">\n\t\t\t\t\t<p class=\"elementor-heading-title elementor-size-default\">Potencie y desarrolle su nueva\noperaci\u00f3n comercial y presentaci\u00f3n\nde agencia. Perfeccione sus\nestrategias de posicionamiento,\ncredenciales, storytelling y\nprospecci\u00f3n para aumentar\nsignificativamente su tasa de \u00e9xito\ndesde la primera reuni\u00f3n. <br> <br>\n\nHaga clic aqu\u00ed para obtener m\u00e1s\ninformaci\u00f3n sobre nuestro \u201dNew\nBusiness Accelerator\u201d y para\ncontactarnos.<\/p>\t\t\t\t<\/div>\n\t\t\t\t<\/div>\n\t\t\t\t<div class=\"elementor-element elementor-element-1ea1be6 elementor-widget elementor-widget-button\" data-id=\"1ea1be6\" data-element_type=\"widget\" data-e-type=\"widget\" data-widget_type=\"button.default\">\n\t\t\t\t<div class=\"elementor-widget-container\">\n\t\t\t\t\t\t\t\t\t<div class=\"elementor-button-wrapper\">\n\t\t\t\t\t<a class=\"elementor-button elementor-button-link elementor-size-md elementor-animation-shrink\" href=\"https:\/\/think-catalyst.com\/es\/contact\/\">\n\t\t\t\t\t\t<span class=\"elementor-button-content-wrapper\">\n\t\t\t\t\t\t\t\t\t<span class=\"elementor-button-text\">CONTACTANOS<\/span>\n\t\t\t\t\t<\/span>\n\t\t\t\t\t<\/a>\n\t\t\t\t<\/div>\n\t\t\t\t\t\t\t\t<\/div>\n\t\t\t\t<\/div>\n\t\t\t\t\t<\/div>\n\t\t<\/div>\n\t\t\t\t<div class=\"elementor-column elementor-col-50 elementor-top-column elementor-element elementor-element-827e5a0\" data-id=\"827e5a0\" data-element_type=\"column\" data-e-type=\"column\">\n\t\t\t<div class=\"elementor-widget-wrap elementor-element-populated\">\n\t\t\t\t\t\t<div class=\"elementor-element elementor-element-2787c61 animated-slow elementor-invisible elementor-widget elementor-widget-image\" data-id=\"2787c61\" data-element_type=\"widget\" data-e-type=\"widget\" data-settings=\"{&quot;_animation&quot;:&quot;fadeInUp&quot;}\" data-widget_type=\"image.default\">\n\t\t\t\t<div class=\"elementor-widget-container\">\n\t\t\t\t\t\t\t\t\t\t\t\t\t\t\t<img loading=\"lazy\" decoding=\"async\" width=\"2560\" height=\"1707\" src=\"https:\/\/think-catalyst.com\/wp-content\/uploads\/2025\/03\/businessman-investment-consultant-analyzing-company-financial-report-balance-with-document-scaled.jpg\" class=\"attachment-full size-full wp-image-2773\" alt=\"\" srcset=\"https:\/\/think-catalyst.com\/wp-content\/uploads\/2025\/03\/businessman-investment-consultant-analyzing-company-financial-report-balance-with-document-scaled.jpg 2560w, https:\/\/think-catalyst.com\/wp-content\/uploads\/2025\/03\/businessman-investment-consultant-analyzing-company-financial-report-balance-with-document-300x200.jpg 300w, https:\/\/think-catalyst.com\/wp-content\/uploads\/2025\/03\/businessman-investment-consultant-analyzing-company-financial-report-balance-with-document-1024x683.jpg 1024w, https:\/\/think-catalyst.com\/wp-content\/uploads\/2025\/03\/businessman-investment-consultant-analyzing-company-financial-report-balance-with-document-768x512.jpg 768w, https:\/\/think-catalyst.com\/wp-content\/uploads\/2025\/03\/businessman-investment-consultant-analyzing-company-financial-report-balance-with-document-1536x1024.jpg 1536w, https:\/\/think-catalyst.com\/wp-content\/uploads\/2025\/03\/businessman-investment-consultant-analyzing-company-financial-report-balance-with-document-2048x1365.jpg 2048w, https:\/\/think-catalyst.com\/wp-content\/uploads\/2025\/03\/businessman-investment-consultant-analyzing-company-financial-report-balance-with-document-18x12.jpg 18w\" sizes=\"(max-width: 2560px) 100vw, 2560px\" \/>\t\t\t\t\t\t\t\t\t\t\t\t\t\t\t<\/div>\n\t\t\t\t<\/div>\n\t\t\t\t\t<\/div>\n\t\t<\/div>\n\t\t\t\t\t<\/div>\n\t\t<\/section>\n\t\t\t\t<\/div>","protected":false},"excerpt":{"rendered":"<p>SERVICES We support Advertisers and Agencies in a number of different ways to drive business results Agency Search Agency Talent Acquisition Relationship Management New Business Acceleration back to home Agency Search AdMatch is Think-Catalyst\u2019s proprietary Agency Search Process. AdMatch serves to connect the RIGHT Advertiser to work with the RIGHT Agency at a FAIR level [&hellip;]<\/p>","protected":false},"author":1,"featured_media":0,"parent":0,"menu_order":0,"comment_status":"closed","ping_status":"closed","template":"elementor_header_footer","meta":{"_eb_attr":"","_uag_custom_page_level_css":"","footnotes":""},"class_list":["post-2239","page","type-page","status-publish","hentry"],"aioseo_notices":[],"uagb_featured_image_src":{"full":false,"thumbnail":false,"medium":false,"medium_large":false,"large":false,"1536x1536":false,"2048x2048":false,"trp-custom-language-flag":false,"_nx_notification_thumb_100_100":false,"_nx_notification_thumb_200_200":false,"_nx_notification_thumb_300_300":false,"_nx_notification_thumb_400_400":false,"_nx_notification_thumb_500_500":false},"uagb_author_info":{"display_name":"ric.ferraris@gmail.com","author_link":"https:\/\/think-catalyst.com\/es\/author\/ric-ferrarisgmail-com\/"},"uagb_comment_info":0,"uagb_excerpt":"SERVICES We support Advertisers and Agencies in a number of different ways to drive business results Agency Search Agency Talent Acquisition Relationship Management New Business Acceleration back to home Agency Search AdMatch is Think-Catalyst\u2019s proprietary Agency Search Process. AdMatch serves to connect the RIGHT Advertiser to work with the RIGHT Agency at a FAIR level&hellip;","_links":{"self":[{"href":"https:\/\/think-catalyst.com\/es\/wp-json\/wp\/v2\/pages\/2239","targetHints":{"allow":["GET"]}}],"collection":[{"href":"https:\/\/think-catalyst.com\/es\/wp-json\/wp\/v2\/pages"}],"about":[{"href":"https:\/\/think-catalyst.com\/es\/wp-json\/wp\/v2\/types\/page"}],"author":[{"embeddable":true,"href":"https:\/\/think-catalyst.com\/es\/wp-json\/wp\/v2\/users\/1"}],"replies":[{"embeddable":true,"href":"https:\/\/think-catalyst.com\/es\/wp-json\/wp\/v2\/comments?post=2239"}],"version-history":[{"count":74,"href":"https:\/\/think-catalyst.com\/es\/wp-json\/wp\/v2\/pages\/2239\/revisions"}],"predecessor-version":[{"id":3066,"href":"https:\/\/think-catalyst.com\/es\/wp-json\/wp\/v2\/pages\/2239\/revisions\/3066"}],"wp:attachment":[{"href":"https:\/\/think-catalyst.com\/es\/wp-json\/wp\/v2\/media?parent=2239"}],"curies":[{"name":"wp","href":"https:\/\/api.w.org\/{rel}","templated":true}]}}